{"id":112,"date":"2018-09-09T00:00:17","date_gmt":"2018-09-09T03:00:17","guid":{"rendered":"http:\/\/laragricola.com.br\/?page_id=112"},"modified":"2025-03-22T14:40:01","modified_gmt":"2025-03-22T17:40:01","slug":"apoio-psicologico","status":"publish","type":"page","link":"https:\/\/laragricola.com.br\/index.php\/apoio-psicologico\/","title":{"rendered":"Apoio Psicol\u00f3gico"},"content":{"rendered":"\n<p>Para apoiar o bem-estar dos jovens, o Lar Agr\u00edcola realiza atividades como refor\u00e7o escolar, oficinas de artes, esportes, momentos de lazer e oferece apoio com profissionais da psicologia. A institui\u00e7\u00e3o busca constantemente profissionais da \u00e1rea para integrar sua equipe e contribuir com o desenvolvimento dos acolhidos.<\/p>\n\n\n\n<p>Se voc\u00ea \u00e9 psic\u00f3logo e deseja contribuir com seu conhecimento, o Lar Agr\u00edcola convida profissionais interessados a se voluntariar, participando ativamente do processo de transforma\u00e7\u00e3o na vida desses jovens.<\/p>\n","protected":false},"excerpt":{"rendered":"<p>Para apoiar o bem-estar dos jovens, o Lar Agr\u00edcola realiza atividades como [&hellip;]<\/p>\n","protected":false},"author":1,"featured_media":0,"parent":0,"menu_order":0,"comment_status":"closed","ping_status":"closed","template":"","meta":{"footnotes":""},"_links":{"self":[{"href":"https:\/\/laragricola.com.br\/index.php\/wp-json\/wp\/v2\/pages\/112"}],"collection":[{"href":"https:\/\/laragricola.com.br\/index.php\/wp-json\/wp\/v2\/pages"}],"about":[{"href":"https:\/\/laragricola.com.br\/index.php\/wp-json\/wp\/v2\/types\/page"}],"author":[{"embeddable":true,"href":"https:\/\/laragricola.com.br\/index.php\/wp-json\/wp\/v2\/users\/1"}],"replies":[{"embeddable":true,"href":"https:\/\/laragricola.com.br\/index.php\/wp-json\/wp\/v2\/comments?post=112"}],"version-history":[{"count":3,"href":"https:\/\/laragricola.com.br\/index.php\/wp-json\/wp\/v2\/pages\/112\/revisions"}],"predecessor-version":[{"id":988,"href":"https:\/\/laragricola.com.br\/index.php\/wp-json\/wp\/v2\/pages\/112\/revisions\/988"}],"wp:attachment":[{"href":"https:\/\/laragricola.com.br\/index.php\/wp-json\/wp\/v2\/media?parent=112"}],"curies":[{"name":"wp","href":"https:\/\/api.w.org\/{rel}","templated":true}]}}