{"id":114,"date":"2018-09-09T00:00:17","date_gmt":"2018-09-09T03:00:17","guid":{"rendered":"http:\/\/laragricola.com.br\/?page_id=114"},"modified":"2025-03-22T14:35:19","modified_gmt":"2025-03-22T17:35:19","slug":"apoio-social","status":"publish","type":"page","link":"https:\/\/laragricola.com.br\/index.php\/apoio-social\/","title":{"rendered":"Apoio Social"},"content":{"rendered":"\n<p>O <strong>apoio social<\/strong> desempenha um papel fundamental para que nossa institui\u00e7\u00e3o consiga manter suas atividades de forma eficaz e sustent\u00e1vel. Esse apoio pode vir de diferentes fontes, como a comunidade, parceiros, governos, organiza\u00e7\u00f5es n\u00e3o governamentais e at\u00e9 de indiv\u00edduos engajados com  causas sociais.<\/p>\n\n\n\n<p>Aqui est\u00e3o alguns aspectos importantes sobre a import\u00e2ncia do apoio social para nossa institui\u00e7\u00e3o:<\/p>\n\n\n\n<ol>\n<li><strong>Sustentabilidade Financeira<\/strong>: Somos uma institui\u00e7\u00e3o sem fins lucrativos, dependemos de doa\u00e7\u00f5es, patroc\u00ednios e parcerias para garantir a continuidade de nossos projetos. O apoio social, tanto de pessoas quanto de empresas ou funda\u00e7\u00f5es, ajuda a garantir a sa\u00fade financeira, evitando a interrup\u00e7\u00e3o das atividades.<\/li>\n\n\n\n<li><strong>Credibilidade e Confian\u00e7a<\/strong>: O apoio da comunidade ou de organiza\u00e7\u00f5es externas fortalece a reputa\u00e7\u00e3o da institui\u00e7\u00e3o. Quando nossa institui\u00e7\u00e3o tem o respaldo de pessoas ou grupos que acreditam em nossa miss\u00e3o e valores, conquistamos maior credibilidade, o que facilita a atra\u00e7\u00e3o de mais recursos e a realiza\u00e7\u00e3o do servi\u00e7o.<\/li>\n\n\n\n<li><strong>Amplia\u00e7\u00e3o do Alcance e Impacto<\/strong>: Com o apoio social, a institui\u00e7\u00e3o pode expandir suas a\u00e7\u00f5es, alcan\u00e7ar mais pessoas e, consequentemente, aumentar seu impacto. A colabora\u00e7\u00e3o com outras entidades tamb\u00e9m pode ampliar o acesso aos p\u00fablicos que mais precisam de seus servi\u00e7os.<\/li>\n\n\n\n<li><strong>Resili\u00eancia em Momentos de Crise<\/strong>: O apoio social \u00e9 crucial, especialmente em momentos dif\u00edceis, como crises econ\u00f4micas ou situa\u00e7\u00f5es imprevistas. Quando a comunidade se une para apoiar a institui\u00e7\u00e3o, ela se torna mais resiliente e capaz de se adaptar e continuar suas atividades, mesmo diante de adversidades.<\/li>\n\n\n\n<li><strong>Fortalecimento de Parcerias<\/strong>: Esse apoio tamb\u00e9m favorece a constru\u00e7\u00e3o de uma rede de parcerias estrat\u00e9gicas. Empresas, institui\u00e7\u00f5es de ensino, \u00f3rg\u00e3os governamentais e outras organiza\u00e7\u00f5es podem colaborar com recursos humanos, materiais, expertise ou outros tipos de apoio que garantem o bom funcionamento da institui\u00e7\u00e3o.<\/li>\n\n\n\n<li><strong>Motiva\u00e7\u00e3o para os Colaboradores<\/strong>: Quando nossa institui\u00e7\u00e3o recebe apoio social, isso reflete em um ambiente de trabalho mais motivador. A sensa\u00e7\u00e3o de que o trabalho realizado est\u00e1 sendo reconhecido pela sociedade aumenta o engajamento dos colaboradores e volunt\u00e1rios, resultando em um melhor desempenho e comprometimento com as atividades.<\/li>\n<\/ol>\n\n\n\n<p>Em resumo, o apoio social \u00e9 essencial para que possamos operar de forma eficiente, expandir nosso impacto na sociedade e garantir a continuidade de nossos servi\u00e7os aos acolhidos.<\/p>\n","protected":false},"excerpt":{"rendered":"<p>O apoio social desempenha um papel fundamental para que nossa institui\u00e7\u00e3o consiga [&hellip;]<\/p>\n","protected":false},"author":1,"featured_media":0,"parent":0,"menu_order":0,"comment_status":"closed","ping_status":"closed","template":"","meta":{"footnotes":""},"_links":{"self":[{"href":"https:\/\/laragricola.com.br\/index.php\/wp-json\/wp\/v2\/pages\/114"}],"collection":[{"href":"https:\/\/laragricola.com.br\/index.php\/wp-json\/wp\/v2\/pages"}],"about":[{"href":"https:\/\/laragricola.com.br\/index.php\/wp-json\/wp\/v2\/types\/page"}],"author":[{"embeddable":true,"href":"https:\/\/laragricola.com.br\/index.php\/wp-json\/wp\/v2\/users\/1"}],"replies":[{"embeddable":true,"href":"https:\/\/laragricola.com.br\/index.php\/wp-json\/wp\/v2\/comments?post=114"}],"version-history":[{"count":2,"href":"https:\/\/laragricola.com.br\/index.php\/wp-json\/wp\/v2\/pages\/114\/revisions"}],"predecessor-version":[{"id":986,"href":"https:\/\/laragricola.com.br\/index.php\/wp-json\/wp\/v2\/pages\/114\/revisions\/986"}],"wp:attachment":[{"href":"https:\/\/laragricola.com.br\/index.php\/wp-json\/wp\/v2\/media?parent=114"}],"curies":[{"name":"wp","href":"https:\/\/api.w.org\/{rel}","templated":true}]}}