{"id":139,"date":"2018-09-09T00:30:39","date_gmt":"2018-09-09T03:30:39","guid":{"rendered":"http:\/\/laragricola.com.br\/?page_id=139"},"modified":"2025-10-30T11:33:22","modified_gmt":"2025-10-30T14:33:22","slug":"voluntariado","status":"publish","type":"page","link":"https:\/\/laragricola.com.br\/index.php\/voluntariado\/","title":{"rendered":"Seja um Volunt\u00e1rio"},"content":{"rendered":"<p>No <strong data-start=\"139\" data-end=\"155\">Lar Agr\u00edcola<\/strong>, acreditamos que pequenas atitudes transformam vidas. Se voc\u00ea deseja doar um pouco do seu <strong>tempo<\/strong>, <strong>talento<\/strong> e <strong>carinho<\/strong> para fazer a diferen\u00e7a, venha fazer parte da nossa equipe de volunt\u00e1rios!<\/p>\n<p>&nbsp;<\/p>\n<p data-start=\"361\" data-end=\"409\">Voc\u00ea pode se voluntariar de diversas maneiras:<\/p>\n<p data-start=\"412\" data-end=\"497\"><strong data-start=\"412\" data-end=\"454\">Apoio nas atividades com os residentes<\/strong> (conversas, leituras, passeios e jogos);<\/p>\n<p data-start=\"500\" data-end=\"588\"><strong data-start=\"500\" data-end=\"533\">Oficinas e atividades manuais<\/strong> (artesanato, jardinagem, culin\u00e1ria, m\u00fasica e artes);<\/p>\n<p data-start=\"591\" data-end=\"643\"><strong data-start=\"591\" data-end=\"640\">Assist\u00eancia em eventos e campanhas solid\u00e1rias<\/strong>;<\/p>\n<p data-start=\"646\" data-end=\"710\"><strong data-start=\"646\" data-end=\"707\">Servi\u00e7os de manuten\u00e7\u00e3o, limpeza e organiza\u00e7\u00e3o dos espa\u00e7os<\/strong>;<\/p>\n<p data-start=\"713\" data-end=\"807\"><strong data-start=\"713\" data-end=\"755\">Apoio administrativo ou de comunica\u00e7\u00e3o<\/strong> (divulga\u00e7\u00e3o, redes sociais, capta\u00e7\u00e3o de doa\u00e7\u00f5es).<\/p>\n<p data-start=\"809\" data-end=\"996\">Para participar, basta entrar em contato atrav\u00e9s do nosso WhatsApp e aguardar nosso contato. Ap\u00f3s uma breve conversa de acolhimento, voc\u00ea poder\u00e1 escolher a \u00e1rea que mais combina com voc\u00ea.<\/p>\n<p data-start=\"998\" data-end=\"1088\">Venha fazer parte dessa corrente do bem e transformar vidas com o seu tempo e dedica\u00e7\u00e3o!<\/p>\n<p data-start=\"998\" data-end=\"1088\">WhatsApp:\u00a0 (11) 91268-5207<\/p>\n<p>&nbsp;<\/p>\n<div id=\"websigner_softplan_com_br\" class=\"websigner_softplan_com_br\" style=\"display: none;\"><\/div>\n","protected":false},"excerpt":{"rendered":"<p>No Lar Agr\u00edcola, acreditamos que pequenas atitudes transformam vidas. Se voc\u00ea deseja [&hellip;]<\/p>\n","protected":false},"author":1,"featured_media":0,"parent":0,"menu_order":0,"comment_status":"closed","ping_status":"closed","template":"","meta":{"footnotes":""},"_links":{"self":[{"href":"https:\/\/laragricola.com.br\/index.php\/wp-json\/wp\/v2\/pages\/139"}],"collection":[{"href":"https:\/\/laragricola.com.br\/index.php\/wp-json\/wp\/v2\/pages"}],"about":[{"href":"https:\/\/laragricola.com.br\/index.php\/wp-json\/wp\/v2\/types\/page"}],"author":[{"embeddable":true,"href":"https:\/\/laragricola.com.br\/index.php\/wp-json\/wp\/v2\/users\/1"}],"replies":[{"embeddable":true,"href":"https:\/\/laragricola.com.br\/index.php\/wp-json\/wp\/v2\/comments?post=139"}],"version-history":[{"count":4,"href":"https:\/\/laragricola.com.br\/index.php\/wp-json\/wp\/v2\/pages\/139\/revisions"}],"predecessor-version":[{"id":1217,"href":"https:\/\/laragricola.com.br\/index.php\/wp-json\/wp\/v2\/pages\/139\/revisions\/1217"}],"wp:attachment":[{"href":"https:\/\/laragricola.com.br\/index.php\/wp-json\/wp\/v2\/media?parent=139"}],"curies":[{"name":"wp","href":"https:\/\/api.w.org\/{rel}","templated":true}]}}