{"id":140,"date":"2018-09-09T00:30:39","date_gmt":"2018-09-09T03:30:39","guid":{"rendered":"http:\/\/laragricola.com.br\/?page_id=140"},"modified":"2021-01-23T16:08:50","modified_gmt":"2021-01-23T19:08:50","slug":"alimentos-e-produtos","status":"publish","type":"page","link":"https:\/\/laragricola.com.br\/index.php\/alimentos-e-produtos\/","title":{"rendered":"Alimentos e produtos"},"content":{"rendered":"<p><strong>Cada m\u00eas, as necessidades mudam e aqui voc\u00ea pode acompanhar o que a institui\u00e7\u00e3o est\u00e1 precisando no momento.<\/strong><\/p>\n<p>&#8211; Carne (8 quilos\/m\u00eas)<\/p>\n<p>&#8211; Batata em tiras (5 unidades)<\/p>\n<p>&#8211; Refrigerantes<\/p>\n<p>&#8211; Queijo em pe\u00e7a (2 unidades)<\/p>\n<p>&#8211; Presunto em pe\u00e7a (2 unidades)<\/p>\n<p>&#8211; Produtos de limpeza (desinfetante, \u00e1gua sanit\u00e1ria, alvejante, amaciante, detergente, sab\u00e3o em p\u00f3 e l\u00edquido, etc)<\/p>\n<p>&#8211; Produtos de higiene pessoal (creme dental, sabonete, shampoo, condicionador, creme de cabelo, absorvente, lamina de barbear, etc)<\/p>\n<div id=\"websigner_softplan_com_br\" class=\"websigner_softplan_com_br\" style=\"display: none;\">\u00a0<\/div>\n<div id=\"websigner_softplan_com_br\" class=\"websigner_softplan_com_br\" style=\"display: none;\">\u00a0<\/div>\n<div id=\"websigner_softplan_com_br\" class=\"websigner_softplan_com_br\" style=\"display: none;\">\u00a0<\/div>\n<div id=\"websigner_softplan_com_br\" class=\"websigner_softplan_com_br\" style=\"display: none;\">\u00a0<\/div>\n\n\n<p><\/p>\n","protected":false},"excerpt":{"rendered":"<p>Cada m\u00eas, as necessidades mudam e aqui voc\u00ea pode acompanhar o que [&hellip;]<\/p>\n","protected":false},"author":1,"featured_media":0,"parent":0,"menu_order":0,"comment_status":"closed","ping_status":"closed","template":"","meta":{"footnotes":""},"_links":{"self":[{"href":"https:\/\/laragricola.com.br\/index.php\/wp-json\/wp\/v2\/pages\/140"}],"collection":[{"href":"https:\/\/laragricola.com.br\/index.php\/wp-json\/wp\/v2\/pages"}],"about":[{"href":"https:\/\/laragricola.com.br\/index.php\/wp-json\/wp\/v2\/types\/page"}],"author":[{"embeddable":true,"href":"https:\/\/laragricola.com.br\/index.php\/wp-json\/wp\/v2\/users\/1"}],"replies":[{"embeddable":true,"href":"https:\/\/laragricola.com.br\/index.php\/wp-json\/wp\/v2\/comments?post=140"}],"version-history":[{"count":6,"href":"https:\/\/laragricola.com.br\/index.php\/wp-json\/wp\/v2\/pages\/140\/revisions"}],"predecessor-version":[{"id":718,"href":"https:\/\/laragricola.com.br\/index.php\/wp-json\/wp\/v2\/pages\/140\/revisions\/718"}],"wp:attachment":[{"href":"https:\/\/laragricola.com.br\/index.php\/wp-json\/wp\/v2\/media?parent=140"}],"curies":[{"name":"wp","href":"https:\/\/api.w.org\/{rel}","templated":true}]}}