{"id":141,"date":"2018-09-09T00:30:39","date_gmt":"2018-09-09T03:30:39","guid":{"rendered":"http:\/\/laragricola.com.br\/?page_id=141"},"modified":"2025-10-30T11:35:41","modified_gmt":"2025-10-30T14:35:41","slug":"servicos","status":"publish","type":"page","link":"https:\/\/laragricola.com.br\/index.php\/servicos\/","title":{"rendered":"Servi\u00e7os"},"content":{"rendered":"\n<p>No Lar Agr\u00edcola, acreditamos que cada gesto de solidariedade transforma vidas. Voc\u00ea pode colaborar conosco oferecendo seu tempo, talento ou recursos em diversas \u00e1reas: manuten\u00e7\u00e3o, jardinagem, cozinha, limpeza, apoio aos residentes e muito mais.<br>Se deseja contribuir com atos de servi\u00e7o, entre em contato conosco e descubra como suas habilidades podem fazer a diferen\u00e7a no dia a dia da nossa institui\u00e7\u00e3o.<br><strong>Juntos, cultivamos amor, cuidado e esperan\u00e7a!<\/strong><\/p>\n\n\n\n<p>WhatsApp: 11 91268-5207<\/p>\n\n\n\n<p>Esperamos por voc\u00eas!\n\n<\/p>\n","protected":false},"excerpt":{"rendered":"<p>No Lar Agr\u00edcola, acreditamos que cada gesto de solidariedade transforma vidas. Voc\u00ea [&hellip;]<\/p>\n","protected":false},"author":1,"featured_media":0,"parent":0,"menu_order":0,"comment_status":"closed","ping_status":"closed","template":"","meta":{"footnotes":""},"_links":{"self":[{"href":"https:\/\/laragricola.com.br\/index.php\/wp-json\/wp\/v2\/pages\/141"}],"collection":[{"href":"https:\/\/laragricola.com.br\/index.php\/wp-json\/wp\/v2\/pages"}],"about":[{"href":"https:\/\/laragricola.com.br\/index.php\/wp-json\/wp\/v2\/types\/page"}],"author":[{"embeddable":true,"href":"https:\/\/laragricola.com.br\/index.php\/wp-json\/wp\/v2\/users\/1"}],"replies":[{"embeddable":true,"href":"https:\/\/laragricola.com.br\/index.php\/wp-json\/wp\/v2\/comments?post=141"}],"version-history":[{"count":5,"href":"https:\/\/laragricola.com.br\/index.php\/wp-json\/wp\/v2\/pages\/141\/revisions"}],"predecessor-version":[{"id":1219,"href":"https:\/\/laragricola.com.br\/index.php\/wp-json\/wp\/v2\/pages\/141\/revisions\/1219"}],"wp:attachment":[{"href":"https:\/\/laragricola.com.br\/index.php\/wp-json\/wp\/v2\/media?parent=141"}],"curies":[{"name":"wp","href":"https:\/\/api.w.org\/{rel}","templated":true}]}}