{"id":146,"date":"2018-09-09T00:30:39","date_gmt":"2018-09-09T03:30:39","guid":{"rendered":"http:\/\/laragricola.com.br\/?page_id=146"},"modified":"2019-10-12T23:31:03","modified_gmt":"2019-10-13T02:31:03","slug":"doacoes-espontaneas","status":"publish","type":"page","link":"https:\/\/laragricola.com.br\/index.php\/doacoes-espontaneas\/","title":{"rendered":"Doa\u00e7\u00f5es espont\u00e2neas"},"content":{"rendered":"<p style=\"text-align: center;\"><a href=\"https:\/\/pag.ae\/bhDTYCJ\" target=\"_blank\" rel=\"noopener noreferrer\"><strong>QUERO DOAR QUALQUER VALOR (DOA\u00c7\u00c3O \u00daNICA)<\/strong><\/a><\/p>\n<p><a href=\"https:\/\/pag.ae\/bhDTYCJ\" target=\"_blank\" rel=\"noopener noreferrer\"><img loading=\"lazy\" decoding=\"async\" class=\"wp-image-215 size-medium aligncenter\" src=\"http:\/\/laragricola.com.br\/wp-content\/uploads\/2018\/09\/botao_doar-300x99.jpg\" alt=\"Bot\u00e3o doar\" width=\"300\" height=\"99\" srcset=\"https:\/\/laragricola.com.br\/wp-content\/uploads\/2018\/09\/botao_doar-300x99.jpg 300w, https:\/\/laragricola.com.br\/wp-content\/uploads\/2018\/09\/botao_doar-768x253.jpg 768w, https:\/\/laragricola.com.br\/wp-content\/uploads\/2018\/09\/botao_doar-1024x338.jpg 1024w, https:\/\/laragricola.com.br\/wp-content\/uploads\/2018\/09\/botao_doar.jpg 1653w\" sizes=\"(max-width: 300px) 100vw, 300px\" \/><\/a><\/p>\n<hr \/>\n<h4>DEP\u00d3SITO SIMPLES<br \/>\nBANCO: 001 &#8211; BANCO DO BRASIL<br \/>\nAG\u00caNCIA: 0916-4<br \/>\nCONTA CORRENTE: 40.607-4<br \/>\nRAZ\u00c3O SOCIAL: LAR ESCOLA AGR\u00cdCOLA A SEMENTE<br \/>\nCNPJ: 50.521.475\/0001-00<br \/>\nESTRADA DO UNA, 164 \u2013 AGUASSA\u00cd \u2013 COTIA\u00a0&#8211; CEP- 06726-295<br \/>\nUTILIDADE PUBLICA LEI 1223 DE 24\/06\/2003<br \/>\nREGISTRO CMDCA 015 \/ CMAS 017<br \/>\nE-mail \u2013\u00a0contato@laragricola.com.br<\/h4>\n<hr \/>\n<div id=\"websigner_softplan_com_br\" class=\"websigner_softplan_com_br\" style=\"display: none;\"><\/div>\n<div id=\"websigner_softplan_com_br\" class=\"websigner_softplan_com_br\" style=\"display: none;\"><\/div>\n<div id=\"websigner_softplan_com_br\" class=\"websigner_softplan_com_br\" style=\"display: none;\"><\/div>\n<div id=\"websigner_softplan_com_br\" class=\"websigner_softplan_com_br\" style=\"display: none;\"><\/div>\n<div id=\"websigner_softplan_com_br\" class=\"websigner_softplan_com_br\" style=\"display: none;\"><\/div>\n<div id=\"websigner_softplan_com_br\" class=\"websigner_softplan_com_br\" style=\"display: none;\"><\/div>\n","protected":false},"excerpt":{"rendered":"<p>QUERO DOAR QUALQUER VALOR (DOA\u00c7\u00c3O \u00daNICA) DEP\u00d3SITO SIMPLES BANCO: 001 &#8211; BANCO [&hellip;]<\/p>\n","protected":false},"author":1,"featured_media":0,"parent":0,"menu_order":0,"comment_status":"closed","ping_status":"closed","template":"","meta":{"footnotes":""},"_links":{"self":[{"href":"https:\/\/laragricola.com.br\/index.php\/wp-json\/wp\/v2\/pages\/146"}],"collection":[{"href":"https:\/\/laragricola.com.br\/index.php\/wp-json\/wp\/v2\/pages"}],"about":[{"href":"https:\/\/laragricola.com.br\/index.php\/wp-json\/wp\/v2\/types\/page"}],"author":[{"embeddable":true,"href":"https:\/\/laragricola.com.br\/index.php\/wp-json\/wp\/v2\/users\/1"}],"replies":[{"embeddable":true,"href":"https:\/\/laragricola.com.br\/index.php\/wp-json\/wp\/v2\/comments?post=146"}],"version-history":[{"count":8,"href":"https:\/\/laragricola.com.br\/index.php\/wp-json\/wp\/v2\/pages\/146\/revisions"}],"predecessor-version":[{"id":569,"href":"https:\/\/laragricola.com.br\/index.php\/wp-json\/wp\/v2\/pages\/146\/revisions\/569"}],"wp:attachment":[{"href":"https:\/\/laragricola.com.br\/index.php\/wp-json\/wp\/v2\/media?parent=146"}],"curies":[{"name":"wp","href":"https:\/\/api.w.org\/{rel}","templated":true}]}}