{"id":147,"date":"2018-09-09T00:30:39","date_gmt":"2018-09-09T03:30:39","guid":{"rendered":"http:\/\/laragricola.com.br\/?page_id=147"},"modified":"2018-09-26T08:39:01","modified_gmt":"2018-09-26T11:39:01","slug":"doacoes-mensais","status":"publish","type":"page","link":"https:\/\/laragricola.com.br\/index.php\/doacoes-mensais\/","title":{"rendered":"Doa\u00e7\u00f5es mensais"},"content":{"rendered":"<p><strong>Eu quero ajudar todo m\u00eas com:<\/strong><\/p>\n<table border=\"0\" width=\"100%\">\n<tbody>\n<tr>\n<td align=\"center\"><a href=\"http:\/\/pag.ae\/bkgMx6b\" target=\"_blank\" rel=\"noopener\"><img loading=\"lazy\" decoding=\"async\" class=\"alignnone wp-image-217\" src=\"http:\/\/laragricola.com.br\/wp-content\/uploads\/2018\/09\/doar_10-300x99.jpg\" alt=\"\" width=\"150\" height=\"49\" srcset=\"https:\/\/laragricola.com.br\/wp-content\/uploads\/2018\/09\/doar_10-300x99.jpg 300w, https:\/\/laragricola.com.br\/wp-content\/uploads\/2018\/09\/doar_10-768x253.jpg 768w, https:\/\/laragricola.com.br\/wp-content\/uploads\/2018\/09\/doar_10-1024x338.jpg 1024w, https:\/\/laragricola.com.br\/wp-content\/uploads\/2018\/09\/doar_10.jpg 1653w\" sizes=\"(max-width: 150px) 100vw, 150px\" \/><\/a><\/td>\n<td align=\"center\"><a href=\"http:\/\/pag.ae\/bggMz5V\" target=\"_blank\" rel=\"noopener\"><img loading=\"lazy\" decoding=\"async\" class=\"alignnone wp-image-226\" src=\"http:\/\/laragricola.com.br\/wp-content\/uploads\/2018\/09\/doar_500-300x99.jpg\" alt=\"\" width=\"150\" height=\"49\" srcset=\"https:\/\/laragricola.com.br\/wp-content\/uploads\/2018\/09\/doar_500-300x99.jpg 300w, https:\/\/laragricola.com.br\/wp-content\/uploads\/2018\/09\/doar_500-768x253.jpg 768w, https:\/\/laragricola.com.br\/wp-content\/uploads\/2018\/09\/doar_500-1024x337.jpg 1024w, https:\/\/laragricola.com.br\/wp-content\/uploads\/2018\/09\/doar_500.jpg 1652w\" sizes=\"(max-width: 150px) 100vw, 150px\" \/><\/a><\/td>\n<\/tr>\n<tr>\n<td align=\"center\"><a href=\"http:\/\/pag.ae\/bfgMyCD\" target=\"_blank\" rel=\"noopener\"><img loading=\"lazy\" decoding=\"async\" class=\"alignnone wp-image-219\" src=\"http:\/\/laragricola.com.br\/wp-content\/uploads\/2018\/09\/doar_25-300x99.jpg\" alt=\"\" width=\"150\" height=\"49\" srcset=\"https:\/\/laragricola.com.br\/wp-content\/uploads\/2018\/09\/doar_25-300x99.jpg 300w, https:\/\/laragricola.com.br\/wp-content\/uploads\/2018\/09\/doar_25-768x253.jpg 768w, https:\/\/laragricola.com.br\/wp-content\/uploads\/2018\/09\/doar_25-1024x337.jpg 1024w, https:\/\/laragricola.com.br\/wp-content\/uploads\/2018\/09\/doar_25.jpg 1652w\" sizes=\"(max-width: 150px) 100vw, 150px\" \/><\/a><\/td>\n<td align=\"center\"><a href=\"http:\/\/pag.ae\/bcgMBjH\" target=\"_blank\" rel=\"noopener\"><img loading=\"lazy\" decoding=\"async\" class=\"alignnone wp-image-227\" src=\"http:\/\/laragricola.com.br\/wp-content\/uploads\/2018\/09\/doar_750-300x99.jpg\" alt=\"\" width=\"150\" height=\"49\" srcset=\"https:\/\/laragricola.com.br\/wp-content\/uploads\/2018\/09\/doar_750-300x99.jpg 300w, https:\/\/laragricola.com.br\/wp-content\/uploads\/2018\/09\/doar_750-768x253.jpg 768w, https:\/\/laragricola.com.br\/wp-content\/uploads\/2018\/09\/doar_750-1024x337.jpg 1024w, https:\/\/laragricola.com.br\/wp-content\/uploads\/2018\/09\/doar_750.jpg 1652w\" sizes=\"(max-width: 150px) 100vw, 150px\" \/><\/a><\/td>\n<\/tr>\n<tr>\n<td align=\"center\"><a href=\"http:\/\/pag.ae\/bmgMyFL\" target=\"_blank\" rel=\"noopener\"><img loading=\"lazy\" decoding=\"async\" class=\"alignnone wp-image-220\" src=\"http:\/\/laragricola.com.br\/wp-content\/uploads\/2018\/09\/doar_50-300x99.jpg\" alt=\"\" width=\"150\" height=\"49\" srcset=\"https:\/\/laragricola.com.br\/wp-content\/uploads\/2018\/09\/doar_50-300x99.jpg 300w, https:\/\/laragricola.com.br\/wp-content\/uploads\/2018\/09\/doar_50-768x253.jpg 768w, https:\/\/laragricola.com.br\/wp-content\/uploads\/2018\/09\/doar_50-1024x337.jpg 1024w, https:\/\/laragricola.com.br\/wp-content\/uploads\/2018\/09\/doar_50.jpg 1652w\" sizes=\"(max-width: 150px) 100vw, 150px\" \/><\/a><\/td>\n<td align=\"center\"><a href=\"http:\/\/pag.ae\/bjgMBp5\" target=\"_blank\" rel=\"noopener\"><img loading=\"lazy\" decoding=\"async\" class=\"alignnone wp-image-228\" src=\"http:\/\/laragricola.com.br\/wp-content\/uploads\/2018\/09\/doar_1000-300x99.jpg\" alt=\"\" width=\"150\" height=\"49\" srcset=\"https:\/\/laragricola.com.br\/wp-content\/uploads\/2018\/09\/doar_1000-300x99.jpg 300w, https:\/\/laragricola.com.br\/wp-content\/uploads\/2018\/09\/doar_1000-768x253.jpg 768w, https:\/\/laragricola.com.br\/wp-content\/uploads\/2018\/09\/doar_1000-1024x337.jpg 1024w, https:\/\/laragricola.com.br\/wp-content\/uploads\/2018\/09\/doar_1000.jpg 1652w\" sizes=\"(max-width: 150px) 100vw, 150px\" \/><\/a><\/td>\n<\/tr>\n<tr>\n<td align=\"center\"><a href=\"http:\/\/pag.ae\/bfgMyHM\" target=\"_blank\" rel=\"noopener\"><img loading=\"lazy\" decoding=\"async\" class=\"alignnone wp-image-221\" src=\"http:\/\/laragricola.com.br\/wp-content\/uploads\/2018\/09\/doar_75-300x99.jpg\" alt=\"\" width=\"149\" height=\"49\" srcset=\"https:\/\/laragricola.com.br\/wp-content\/uploads\/2018\/09\/doar_75-300x99.jpg 300w, https:\/\/laragricola.com.br\/wp-content\/uploads\/2018\/09\/doar_75-768x253.jpg 768w, https:\/\/laragricola.com.br\/wp-content\/uploads\/2018\/09\/doar_75-1024x337.jpg 1024w, https:\/\/laragricola.com.br\/wp-content\/uploads\/2018\/09\/doar_75.jpg 1652w\" sizes=\"(max-width: 149px) 100vw, 149px\" \/><\/a><\/td>\n<td align=\"center\"><a href=\"http:\/\/pag.ae\/bhgMBsN\" target=\"_blank\" rel=\"noopener\"><img loading=\"lazy\" decoding=\"async\" class=\"alignnone wp-image-229\" src=\"http:\/\/laragricola.com.br\/wp-content\/uploads\/2018\/09\/doar_2000-300x99.jpg\" alt=\"\" width=\"150\" height=\"49\" srcset=\"https:\/\/laragricola.com.br\/wp-content\/uploads\/2018\/09\/doar_2000-300x99.jpg 300w, https:\/\/laragricola.com.br\/wp-content\/uploads\/2018\/09\/doar_2000-768x253.jpg 768w, https:\/\/laragricola.com.br\/wp-content\/uploads\/2018\/09\/doar_2000-1024x337.jpg 1024w, https:\/\/laragricola.com.br\/wp-content\/uploads\/2018\/09\/doar_2000.jpg 1652w\" sizes=\"(max-width: 150px) 100vw, 150px\" \/><\/a><\/td>\n<\/tr>\n<tr>\n<td align=\"center\"><a href=\"http:\/\/pag.ae\/bggMyJ8\" target=\"_blank\" rel=\"noopener\"><img loading=\"lazy\" decoding=\"async\" class=\"alignnone wp-image-222\" src=\"http:\/\/laragricola.com.br\/wp-content\/uploads\/2018\/09\/doar_100-300x99.jpg\" alt=\"\" width=\"150\" height=\"49\" srcset=\"https:\/\/laragricola.com.br\/wp-content\/uploads\/2018\/09\/doar_100-300x99.jpg 300w, https:\/\/laragricola.com.br\/wp-content\/uploads\/2018\/09\/doar_100-768x253.jpg 768w, https:\/\/laragricola.com.br\/wp-content\/uploads\/2018\/09\/doar_100-1024x337.jpg 1024w, https:\/\/laragricola.com.br\/wp-content\/uploads\/2018\/09\/doar_100.jpg 1652w\" sizes=\"(max-width: 150px) 100vw, 150px\" \/><\/a><\/td>\n<td align=\"center\"><a href=\"http:\/\/pag.ae\/bfgMBvL\" target=\"_blank\" rel=\"noopener\"><img loading=\"lazy\" decoding=\"async\" class=\"alignnone wp-image-230\" src=\"http:\/\/laragricola.com.br\/wp-content\/uploads\/2018\/09\/doar_3000-300x99.jpg\" alt=\"\" width=\"150\" height=\"49\" srcset=\"https:\/\/laragricola.com.br\/wp-content\/uploads\/2018\/09\/doar_3000-300x99.jpg 300w, https:\/\/laragricola.com.br\/wp-content\/uploads\/2018\/09\/doar_3000-768x253.jpg 768w, https:\/\/laragricola.com.br\/wp-content\/uploads\/2018\/09\/doar_3000-1024x337.jpg 1024w, https:\/\/laragricola.com.br\/wp-content\/uploads\/2018\/09\/doar_3000.jpg 1652w\" sizes=\"(max-width: 150px) 100vw, 150px\" \/><\/a><\/td>\n<\/tr>\n<tr>\n<td align=\"center\"><a href=\"http:\/\/pag.ae\/blgMyLt\" target=\"_blank\" rel=\"noopener\"><img loading=\"lazy\" decoding=\"async\" class=\"alignnone wp-image-223\" src=\"http:\/\/laragricola.com.br\/wp-content\/uploads\/2018\/09\/doar_150-300x99.jpg\" alt=\"\" width=\"150\" height=\"49\" srcset=\"https:\/\/laragricola.com.br\/wp-content\/uploads\/2018\/09\/doar_150-300x99.jpg 300w, https:\/\/laragricola.com.br\/wp-content\/uploads\/2018\/09\/doar_150-768x253.jpg 768w, https:\/\/laragricola.com.br\/wp-content\/uploads\/2018\/09\/doar_150-1024x337.jpg 1024w, https:\/\/laragricola.com.br\/wp-content\/uploads\/2018\/09\/doar_150.jpg 1652w\" sizes=\"(max-width: 150px) 100vw, 150px\" \/><\/a><\/td>\n<td align=\"center\"><a href=\"http:\/\/pag.ae\/bhgMBy9\" target=\"_blank\" rel=\"noopener\"><img loading=\"lazy\" decoding=\"async\" class=\"alignnone wp-image-231\" src=\"http:\/\/laragricola.com.br\/wp-content\/uploads\/2018\/09\/doar_5000-300x99.jpg\" alt=\"\" width=\"149\" height=\"49\" srcset=\"https:\/\/laragricola.com.br\/wp-content\/uploads\/2018\/09\/doar_5000-300x99.jpg 300w, https:\/\/laragricola.com.br\/wp-content\/uploads\/2018\/09\/doar_5000-768x253.jpg 768w, https:\/\/laragricola.com.br\/wp-content\/uploads\/2018\/09\/doar_5000-1024x337.jpg 1024w, https:\/\/laragricola.com.br\/wp-content\/uploads\/2018\/09\/doar_5000.jpg 1652w\" sizes=\"(max-width: 149px) 100vw, 149px\" \/><\/a><\/td>\n<\/tr>\n<tr>\n<td align=\"center\"><a href=\"http:\/\/pag.ae\/bjgMzQm\" target=\"_blank\" rel=\"noopener\"><img loading=\"lazy\" decoding=\"async\" class=\"alignnone wp-image-225\" src=\"http:\/\/laragricola.com.br\/wp-content\/uploads\/2018\/09\/doar_250-300x99.jpg\" alt=\"\" width=\"150\" height=\"49\" srcset=\"https:\/\/laragricola.com.br\/wp-content\/uploads\/2018\/09\/doar_250-300x99.jpg 300w, https:\/\/laragricola.com.br\/wp-content\/uploads\/2018\/09\/doar_250-768x253.jpg 768w, https:\/\/laragricola.com.br\/wp-content\/uploads\/2018\/09\/doar_250-1024x337.jpg 1024w, https:\/\/laragricola.com.br\/wp-content\/uploads\/2018\/09\/doar_250.jpg 1652w\" sizes=\"(max-width: 150px) 100vw, 150px\" \/><\/a><\/td>\n<td align=\"center\"><a href=\"http:\/\/pag.ae\/bggMCfS\" target=\"_blank\" rel=\"noopener\"><img loading=\"lazy\" decoding=\"async\" class=\"alignnone wp-image-232\" src=\"http:\/\/laragricola.com.br\/wp-content\/uploads\/2018\/09\/doar_10000-300x99.jpg\" alt=\"\" width=\"150\" height=\"49\" srcset=\"https:\/\/laragricola.com.br\/wp-content\/uploads\/2018\/09\/doar_10000-300x99.jpg 300w, https:\/\/laragricola.com.br\/wp-content\/uploads\/2018\/09\/doar_10000-768x253.jpg 768w, https:\/\/laragricola.com.br\/wp-content\/uploads\/2018\/09\/doar_10000-1024x337.jpg 1024w, https:\/\/laragricola.com.br\/wp-content\/uploads\/2018\/09\/doar_10000.jpg 1652w\" sizes=\"(max-width: 150px) 100vw, 150px\" \/><\/a><\/td>\n<\/tr>\n<\/tbody>\n<\/table>\n<div id=\"websigner_softplan_com_br\" class=\"websigner_softplan_com_br\" style=\"display: none;\"><\/div>\n","protected":false},"excerpt":{"rendered":"<p>Eu quero ajudar todo m\u00eas com:<\/p>\n","protected":false},"author":1,"featured_media":0,"parent":0,"menu_order":0,"comment_status":"closed","ping_status":"closed","template":"","meta":{"footnotes":""},"_links":{"self":[{"href":"https:\/\/laragricola.com.br\/index.php\/wp-json\/wp\/v2\/pages\/147"}],"collection":[{"href":"https:\/\/laragricola.com.br\/index.php\/wp-json\/wp\/v2\/pages"}],"about":[{"href":"https:\/\/laragricola.com.br\/index.php\/wp-json\/wp\/v2\/types\/page"}],"author":[{"embeddable":true,"href":"https:\/\/laragricola.com.br\/index.php\/wp-json\/wp\/v2\/users\/1"}],"replies":[{"embeddable":true,"href":"https:\/\/laragricola.com.br\/index.php\/wp-json\/wp\/v2\/comments?post=147"}],"version-history":[{"count":2,"href":"https:\/\/laragricola.com.br\/index.php\/wp-json\/wp\/v2\/pages\/147\/revisions"}],"predecessor-version":[{"id":305,"href":"https:\/\/laragricola.com.br\/index.php\/wp-json\/wp\/v2\/pages\/147\/revisions\/305"}],"wp:attachment":[{"href":"https:\/\/laragricola.com.br\/index.php\/wp-json\/wp\/v2\/media?parent=147"}],"curies":[{"name":"wp","href":"https:\/\/api.w.org\/{rel}","templated":true}]}}