{"id":533,"date":"2019-07-31T11:14:51","date_gmt":"2019-07-31T14:14:51","guid":{"rendered":"http:\/\/laragricola.com.br\/?page_id=533"},"modified":"2022-05-03T11:09:29","modified_gmt":"2022-05-03T14:09:29","slug":"certificados","status":"publish","type":"page","link":"https:\/\/laragricola.com.br\/index.php\/certificados\/","title":{"rendered":"Certid\u00f5es"},"content":{"rendered":"\n<p>&#8211; Certid\u00e3o de Capta\u00e7\u00e3o de Recursos (processo em andamento)<br>&#8211; <a rel=\"noreferrer noopener\" href=\"http:\/\/laragricola.com.br\/wp-content\/uploads\/2022\/04\/certificado-CMAS.pdf\" data-type=\"URL\" data-id=\"http:\/\/laragricola.com.br\/wp-content\/uploads\/2022\/04\/certificado-CMAS.pdf\" target=\"_blank\">CMAS<\/a><br>&#8211; <a href=\"http:\/\/laragricola.com.br\/wp-content\/uploads\/2022\/04\/certificado-CMDCA.pdf\">CMDCA<\/a><br>&#8211; <a href=\"http:\/\/laragricola.com.br\/wp-content\/uploads\/2022\/05\/certificado_fgts.pdf\">Regularidade de Empregador &#8211; FGTS<\/a><br>&#8211; <a href=\"http:\/\/laragricola.com.br\/wp-content\/uploads\/2022\/05\/certidao_trabalhista-.pdf\">Certid\u00e3o Trabalhista<\/a><br>&#8211; <a href=\"http:\/\/laragricola.com.br\/wp-content\/uploads\/2022\/05\/CND-.pdf\">Certid\u00e3o da D\u00edvida Ativa &#8211; Uni\u00e3o &#8211; INSS<\/a><\/p>\n\n\n\n<p>Clique nos links para acessar e baixar os certificados.<\/p>\n","protected":false},"excerpt":{"rendered":"<p>&#8211; Certid\u00e3o de Capta\u00e7\u00e3o de Recursos (processo em andamento)&#8211; CMAS&#8211; CMDCA&#8211; Regularidade [&hellip;]<\/p>\n","protected":false},"author":1,"featured_media":0,"parent":0,"menu_order":0,"comment_status":"closed","ping_status":"closed","template":"","meta":{"footnotes":""},"_links":{"self":[{"href":"https:\/\/laragricola.com.br\/index.php\/wp-json\/wp\/v2\/pages\/533"}],"collection":[{"href":"https:\/\/laragricola.com.br\/index.php\/wp-json\/wp\/v2\/pages"}],"about":[{"href":"https:\/\/laragricola.com.br\/index.php\/wp-json\/wp\/v2\/types\/page"}],"author":[{"embeddable":true,"href":"https:\/\/laragricola.com.br\/index.php\/wp-json\/wp\/v2\/users\/1"}],"replies":[{"embeddable":true,"href":"https:\/\/laragricola.com.br\/index.php\/wp-json\/wp\/v2\/comments?post=533"}],"version-history":[{"count":11,"href":"https:\/\/laragricola.com.br\/index.php\/wp-json\/wp\/v2\/pages\/533\/revisions"}],"predecessor-version":[{"id":894,"href":"https:\/\/laragricola.com.br\/index.php\/wp-json\/wp\/v2\/pages\/533\/revisions\/894"}],"wp:attachment":[{"href":"https:\/\/laragricola.com.br\/index.php\/wp-json\/wp\/v2\/media?parent=533"}],"curies":[{"name":"wp","href":"https:\/\/api.w.org\/{rel}","templated":true}]}}