{"id":58,"date":"2018-09-08T23:54:48","date_gmt":"2018-09-09T02:54:48","guid":{"rendered":"http:\/\/laragricola.com.br\/?page_id=58"},"modified":"2019-02-02T18:47:59","modified_gmt":"2019-02-02T20:47:59","slug":"trabalhe-conosco","status":"publish","type":"page","link":"https:\/\/laragricola.com.br\/index.php\/institucional\/trabalhe-conosco\/","title":{"rendered":"Trabalhe conosco"},"content":{"rendered":"\n<p>Envie seu curr\u00edculo para o e-mail contato@largricola.com.br (somente em formato PDF) para ser inclu\u00eddo em nosso banco de talentos.<\/p>\n\n\n\n<p>Vagas dispon\u00edveis:<\/p>\n\n\n\n<ul><li>Cuidadora (m\u00e3e social)<\/li><li>Cozinheiro(a)<\/li><li>Motorista<\/li><li>Lavadeira<\/li><li>Psic\u00f3logo(a)<\/li><li>Assistente Social<\/li><li>Professor(a) de inform\u00e1tica (somente volunt\u00e1rio(a))<\/li><li>Professor(a) de educa\u00e7\u00e3o f\u00edsica (somente volunt\u00e1rio(a))<\/li><li> Professor(a) de portugu\u00eas, matem\u00e1tica (somente volunt\u00e1rio(a)) <\/li><li> Professor(a) de empreendedorismo\/carreira (somente volunt\u00e1rio(a)) <\/li><\/ul>\n\n\n\n<p><\/p>\n","protected":false},"excerpt":{"rendered":"<p>Envie seu curr\u00edculo para o e-mail contato@largricola.com.br (somente em formato PDF) para [&hellip;]<\/p>\n","protected":false},"author":1,"featured_media":0,"parent":37,"menu_order":0,"comment_status":"closed","ping_status":"closed","template":"","meta":{"footnotes":""},"_links":{"self":[{"href":"https:\/\/laragricola.com.br\/index.php\/wp-json\/wp\/v2\/pages\/58"}],"collection":[{"href":"https:\/\/laragricola.com.br\/index.php\/wp-json\/wp\/v2\/pages"}],"about":[{"href":"https:\/\/laragricola.com.br\/index.php\/wp-json\/wp\/v2\/types\/page"}],"author":[{"embeddable":true,"href":"https:\/\/laragricola.com.br\/index.php\/wp-json\/wp\/v2\/users\/1"}],"replies":[{"embeddable":true,"href":"https:\/\/laragricola.com.br\/index.php\/wp-json\/wp\/v2\/comments?post=58"}],"version-history":[{"count":3,"href":"https:\/\/laragricola.com.br\/index.php\/wp-json\/wp\/v2\/pages\/58\/revisions"}],"predecessor-version":[{"id":401,"href":"https:\/\/laragricola.com.br\/index.php\/wp-json\/wp\/v2\/pages\/58\/revisions\/401"}],"up":[{"embeddable":true,"href":"https:\/\/laragricola.com.br\/index.php\/wp-json\/wp\/v2\/pages\/37"}],"wp:attachment":[{"href":"https:\/\/laragricola.com.br\/index.php\/wp-json\/wp\/v2\/media?parent=58"}],"curies":[{"name":"wp","href":"https:\/\/api.w.org\/{rel}","templated":true}]}}