{"id":868,"date":"2022-05-03T09:28:53","date_gmt":"2022-05-03T12:28:53","guid":{"rendered":"http:\/\/laragricola.com.br\/?page_id=868"},"modified":"2025-03-27T12:19:25","modified_gmt":"2025-03-27T15:19:25","slug":"alvaras","status":"publish","type":"page","link":"https:\/\/laragricola.com.br\/index.php\/alvaras\/","title":{"rendered":"CNPJ &#8211; Licen\u00e7as &#8211; Alvar\u00e1s &#8211; Autoriza\u00e7\u00f5es"},"content":{"rendered":"\n<p><a href=\"http:\/\/laragricola.com.br\/wp-content\/uploads\/2022\/05\/CNPJ.pdf\" target=\"_blank\" rel=\"noreferrer noopener\">CNPJ<\/a><\/p>\n\n\n\n<p><a href=\"http:\/\/laragricola.com.br\/wp-content\/uploads\/2022\/04\/CERTIFICADO-DE-LICENCIAMENTO-INTGRADO.pdf\" target=\"_blank\" rel=\"noreferrer noopener\">Alvar\u00e1 de Func<\/a><a href=\"\/Users\/larag\/Downloads\/TERMO%20DE%20COLABORA%C3%87%C3%83O%20SDS%20N%C2%BA%2001-2025.pdf\" target=\"_blank\" rel=\"noreferrer noopener\">i<\/a><a href=\"http:\/\/laragricola.com.br\/wp-content\/uploads\/2022\/04\/CERTIFICADO-DE-LICENCIAMENTO-INTGRADO.pdf\" target=\"_blank\" rel=\"noreferrer noopener\">onamento<\/a><\/p>\n\n\n\n<p><a rel=\"noreferrer noopener\" href=\"http:\/\/laragricola.com.br\/wp-content\/uploads\/2022\/04\/VIGILANCIA-SANITARIA-.pdf\" target=\"_blank\">Licen\u00e7a Vigil\u00e2ncia Sanit\u00e1ria<\/a><\/p>\n\n\n\n<p><a href=\"\/Users\/larag\/Downloads\/AVCB%20-%20%20LAR%20AGR%C3%8DCOLA%20-%20N%C2%BA%20643348.pdf\" target=\"_blank\" rel=\"noreferrer noopener\">AVCB<\/a><\/p>\n","protected":false},"excerpt":{"rendered":"<p>CNPJ Alvar\u00e1 de Funcionamento Licen\u00e7a Vigil\u00e2ncia Sanit\u00e1ria AVCB<\/p>\n","protected":false},"author":1,"featured_media":0,"parent":0,"menu_order":0,"comment_status":"closed","ping_status":"closed","template":"","meta":{"footnotes":""},"_links":{"self":[{"href":"https:\/\/laragricola.com.br\/index.php\/wp-json\/wp\/v2\/pages\/868"}],"collection":[{"href":"https:\/\/laragricola.com.br\/index.php\/wp-json\/wp\/v2\/pages"}],"about":[{"href":"https:\/\/laragricola.com.br\/index.php\/wp-json\/wp\/v2\/types\/page"}],"author":[{"embeddable":true,"href":"https:\/\/laragricola.com.br\/index.php\/wp-json\/wp\/v2\/users\/1"}],"replies":[{"embeddable":true,"href":"https:\/\/laragricola.com.br\/index.php\/wp-json\/wp\/v2\/comments?post=868"}],"version-history":[{"count":14,"href":"https:\/\/laragricola.com.br\/index.php\/wp-json\/wp\/v2\/pages\/868\/revisions"}],"predecessor-version":[{"id":1012,"href":"https:\/\/laragricola.com.br\/index.php\/wp-json\/wp\/v2\/pages\/868\/revisions\/1012"}],"wp:attachment":[{"href":"https:\/\/laragricola.com.br\/index.php\/wp-json\/wp\/v2\/media?parent=868"}],"curies":[{"name":"wp","href":"https:\/\/api.w.org\/{rel}","templated":true}]}}